{"id":21,"date":"2023-05-21T10:22:09","date_gmt":"2023-05-21T10:22:09","guid":{"rendered":"http:\/\/www.amaavida.org\/?page_id=21"},"modified":"2023-06-06T14:57:01","modified_gmt":"2023-06-06T14:57:01","slug":"quem-somos","status":"publish","type":"page","link":"http:\/\/www.amaavida.org\/index.php\/quem-somos\/","title":{"rendered":"Quem Somos"},"content":{"rendered":"\n<figure class=\"wp-block-image size-full is-resized\"><img loading=\"lazy\" decoding=\"async\" src=\"http:\/\/www.amaavida.org\/wp-content\/uploads\/2023\/05\/cropped-Logo-Final.jpg\" alt=\"\" class=\"wp-image-10\" width=\"146\" height=\"146\" srcset=\"http:\/\/www.amaavida.org\/wp-content\/uploads\/2023\/05\/cropped-Logo-Final.jpg 512w, http:\/\/www.amaavida.org\/wp-content\/uploads\/2023\/05\/cropped-Logo-Final-300x300.jpg 300w, http:\/\/www.amaavida.org\/wp-content\/uploads\/2023\/05\/cropped-Logo-Final-150x150.jpg 150w, http:\/\/www.amaavida.org\/wp-content\/uploads\/2023\/05\/cropped-Logo-Final-270x270.jpg 270w, http:\/\/www.amaavida.org\/wp-content\/uploads\/2023\/05\/cropped-Logo-Final-192x192.jpg 192w, http:\/\/www.amaavida.org\/wp-content\/uploads\/2023\/05\/cropped-Logo-Final-180x180.jpg 180w, http:\/\/www.amaavida.org\/wp-content\/uploads\/2023\/05\/cropped-Logo-Final-32x32.jpg 32w\" sizes=\"auto, (max-width: 146px) 100vw, 146px\" \/><\/figure>\n\n\n\n<h5 class=\"wp-block-heading\">OS NOSSOS OBJECTIVOS<\/h5>\n\n\n\n<p>A Associa\u00e7\u00e3o AMA A VIDA, nasceu a 12 de agosto de 2019, de um sonho e do desejo de saber que haver\u00e1 sempre algo mais que possamos fazer pelo mundo e pelas pessoas. Um grupo de Amigos que se juntaram para dar um pouco de si a esta casa que \u00e9 o Mundo.<\/p>\n\n\n\n<p class=\"has-vivid-cyan-blue-color has-luminous-vivid-amber-background-color has-text-color has-background has-medium-font-size\">Promover uma educa\u00e7\u00e3o como ferramenta para adquirir novas compet\u00eancias e saberes tanto a n\u00edvel pessoal como profissional;<\/p>\n\n\n\n<p class=\"has-vivid-cyan-blue-color has-luminous-vivid-amber-background-color has-text-color has-background has-medium-font-size\">Potenciar a coopera\u00e7\u00e3o entre v\u00e1rios pa\u00edses no desenvolvimento social, educacional, profissional, promo\u00e7\u00e3o dos direitos humanos.<\/p>\n\n\n\n<p class=\"has-vivid-cyan-blue-color has-luminous-vivid-amber-background-color has-text-color has-background has-medium-font-size\">Cada ser humano pode e deve contribuir para um mundo melhor, uma sociedade mais participativa, solid\u00e1ria, inclusiva, democr\u00e1tica e humana.<\/p>\n\n\n\n<p class=\"has-luminous-vivid-amber-color has-text-color has-large-font-size\">OS NOSSOS VALORES<\/p>\n\n\n\n<p class=\"has-luminous-vivid-amber-color has-vivid-cyan-blue-background-color has-text-color has-background has-medium-font-size\">Promover uma educa\u00e7\u00e3o como ferramenta para adquirir novas compet\u00eancias e saberes tanto a n\u00edvel pessoal como profissional;<\/p>\n\n\n\n<h6 class=\"wp-block-heading\">\u00b7&nbsp;&nbsp;&nbsp;&nbsp;&nbsp; &nbsp;<\/h6>\n\n\n\n<p class=\"has-luminous-vivid-amber-color has-vivid-cyan-blue-background-color has-text-color has-background has-medium-font-size\">Potenciar a coopera\u00e7\u00e3o entre v\u00e1rios pa\u00edses no desenvolvimento social, educacional, profissional, promo\u00e7\u00e3o dos direitos humanos.<\/p>\n\n\n\n<h6 class=\"wp-block-heading\">\u00b7&nbsp;&nbsp;&nbsp;&nbsp;&nbsp; &nbsp;<\/h6>\n\n\n\n<p class=\"has-luminous-vivid-amber-color has-vivid-cyan-blue-background-color has-text-color has-background has-medium-font-size\">Cada ser humano pode e deve contribuir para um mundo melhor, uma sociedade mais participativa, solid\u00e1ria, inclusiva, democr\u00e1tica e humana.<\/p>\n","protected":false},"excerpt":{"rendered":"<p>OS NOSSOS OBJECTIVOS A Associa\u00e7\u00e3o AMA A VIDA, nasceu a 12 de agosto de 2019, de um sonho e do desejo de saber que haver\u00e1 sempre algo mais que possamos fazer pelo mundo e pelas pessoas. Um grupo de Amigos que se juntaram para dar um pouco de si a esta casa que \u00e9 o [&hellip;]<\/p>\n","protected":false},"author":1,"featured_media":0,"parent":0,"menu_order":0,"comment_status":"closed","ping_status":"closed","template":"template-page-builder.php","meta":{"ngg_post_thumbnail":0,"footnotes":""},"class_list":["post-21","page","type-page","status-publish","hentry"],"_links":{"self":[{"href":"http:\/\/www.amaavida.org\/index.php\/wp-json\/wp\/v2\/pages\/21","targetHints":{"allow":["GET"]}}],"collection":[{"href":"http:\/\/www.amaavida.org\/index.php\/wp-json\/wp\/v2\/pages"}],"about":[{"href":"http:\/\/www.amaavida.org\/index.php\/wp-json\/wp\/v2\/types\/page"}],"author":[{"embeddable":true,"href":"http:\/\/www.amaavida.org\/index.php\/wp-json\/wp\/v2\/users\/1"}],"replies":[{"embeddable":true,"href":"http:\/\/www.amaavida.org\/index.php\/wp-json\/wp\/v2\/comments?post=21"}],"version-history":[{"count":6,"href":"http:\/\/www.amaavida.org\/index.php\/wp-json\/wp\/v2\/pages\/21\/revisions"}],"predecessor-version":[{"id":286,"href":"http:\/\/www.amaavida.org\/index.php\/wp-json\/wp\/v2\/pages\/21\/revisions\/286"}],"wp:attachment":[{"href":"http:\/\/www.amaavida.org\/index.php\/wp-json\/wp\/v2\/media?parent=21"}],"curies":[{"name":"wp","href":"https:\/\/api.w.org\/{rel}","templated":true}]}}